{"id":1242,"date":"2024-11-14T15:01:46","date_gmt":"2024-11-14T14:01:46","guid":{"rendered":"https:\/\/www.previs.it\/?page_id=1242"},"modified":"2025-02-24T11:27:51","modified_gmt":"2025-02-24T10:27:51","slug":"produits","status":"publish","type":"page","link":"https:\/\/www.previs.it\/fr\/produits\/","title":{"rendered":"PRODUITS"},"content":{"rendered":"\n\t<section class=\"section\" id=\"section_1125766706\">\n\t\t<div class=\"section-bg fill\" >\n\t\t\t\t\t\t\t\t\t\n\t\t\t\n\n\t\t<\/div>\n\n\t\t\n\n\t\t<div class=\"section-content relative\">\n\t\t\t\n<div class=\"row align-center\"  id=\"row-1220016004\">\n\n\t<div id=\"col-314718724\" class=\"col medium-7 small-12 large-6\"  >\n\t\t\t\t<div class=\"col-inner text-center\"  >\n\t\t\t\n\t\t\t\n\t<div id=\"gap-250208636\" class=\"gap-element clearfix\" style=\"display:block; height:auto;\">\n\t\t\n<style>\n#gap-250208636 {\n  padding-top: 40px;\n}\n<\/style>\n\t<\/div>\n\t\n\t<div id=\"text-495668777\" class=\"text\">\n\t\t\n<h2><strong>Tous nos produits<\/strong><\/h2>\n\t\t\n<style>\n#text-495668777 {\n  font-size: 1.75rem;\n}\n<\/style>\n\t<\/div>\n\t\n<p>Previs Srl est une entreprise italienne sp\u00e9cialis\u00e9e dans les bandes coh\u00e9sives, les bandes impr\u00e9gn\u00e9es de p\u00e2te \u00e0 l\u2019oxyde de zinc, les bandes compressives, les bandes de fixation l\u00e9g\u00e8res et les bandes ourl\u00e9es en gaze de coton.<\/p>\n\t\t<\/div>\n\t\t\t\t\t<\/div>\n\n\t\n<\/div>\n<div class=\"row\"  id=\"row-1717314434\">\n\n\t<div id=\"col-1957183174\" class=\"col small-12 large-12\"  >\n\t\t\t\t<div class=\"col-inner\"  >\n\t\t\t\n\t\t\t\n<div id=\"portfolio-2077669349\" class=\"portfolio-element-wrapper has-filtering\">\n  \n    <div class=\"row large-columns-3 medium-columns- small-columns-2 row-small\" >\n    <div class=\"col\" data-terms=\"[&quot;Bandages \u00e9lastiques coh\u00e9sifs&quot;]\" >\n          <div class=\"col-inner\" style=\"border-radius:3%;\">\n          <a href=\"https:\/\/www.previs.it\/fr\/product\/bandes-elastiques-cohesives\/\" class=\"plain \">\n          <div class=\"portfolio-box box has-hover box-normal\">\n            <div class=\"box-image\" style=\"border-radius:3%;\">\n                <div class=\"image-zoom image-cover\" style=\"padding-top:75%;\">\n                <img loading=\"lazy\" decoding=\"async\" width=\"800\" height=\"600\" src=\"https:\/\/www.previs.it\/wp-content\/uploads\/2024\/11\/previs_benda-elastica-previcoesiva-latex-free.webp\" class=\"attachment-original size-original\" alt=\"\" srcset=\"https:\/\/www.previs.it\/wp-content\/uploads\/2024\/11\/previs_benda-elastica-previcoesiva-latex-free.webp 800w, https:\/\/www.previs.it\/wp-content\/uploads\/2024\/11\/previs_benda-elastica-previcoesiva-latex-free-300x225.webp 300w, https:\/\/www.previs.it\/wp-content\/uploads\/2024\/11\/previs_benda-elastica-previcoesiva-latex-free-768x576.webp 768w\" sizes=\"auto, (max-width: 800px) 100vw, 800px\" \/>                                                <\/div>\n            <\/div>\n            <div class=\"box-text text-center\" >\n                  <div class=\"box-text-inner\">\n                      <h6 class=\"uppercase portfolio-box-title\">Bandes \u00c9lastiques Coh\u00e9sives<\/h6>\n                      <p class=\"uppercase portfolio-box-category is-xsmall op-6\">\n                        <span class=\"show-on-hover\">\n                         Bandages \u00e9lastiques coh\u00e9sifs                        <\/span>\n                      <\/p>\n                  <\/div>\n            <\/div>\n           <\/div>\n           <\/a>\n           <\/div>\n           <\/div><div class=\"col\" data-terms=\"[&quot;Bandages impr\u00e9gn\u00e9s de p\u00e2te&quot;]\" >\n          <div class=\"col-inner\" style=\"border-radius:3%;\">\n          <a href=\"https:\/\/www.previs.it\/fr\/product\/bandes-impregnees-de-pate\/\" class=\"plain \">\n          <div class=\"portfolio-box box has-hover box-normal\">\n            <div class=\"box-image\" style=\"border-radius:3%;\">\n                <div class=\"image-zoom image-cover\" style=\"padding-top:75%;\">\n                <img loading=\"lazy\" decoding=\"async\" width=\"800\" height=\"600\" src=\"https:\/\/www.previs.it\/wp-content\/uploads\/2024\/11\/previs_benda-anelastica-Previzinc-A.webp\" class=\"attachment-original size-original\" alt=\"\" srcset=\"https:\/\/www.previs.it\/wp-content\/uploads\/2024\/11\/previs_benda-anelastica-Previzinc-A.webp 800w, https:\/\/www.previs.it\/wp-content\/uploads\/2024\/11\/previs_benda-anelastica-Previzinc-A-300x225.webp 300w, https:\/\/www.previs.it\/wp-content\/uploads\/2024\/11\/previs_benda-anelastica-Previzinc-A-768x576.webp 768w\" sizes=\"auto, (max-width: 800px) 100vw, 800px\" \/>                                                <\/div>\n            <\/div>\n            <div class=\"box-text text-center\" >\n                  <div class=\"box-text-inner\">\n                      <h6 class=\"uppercase portfolio-box-title\">Bandes Impr\u00e9gn\u00e9es de P\u00e2te<\/h6>\n                      <p class=\"uppercase portfolio-box-category is-xsmall op-6\">\n                        <span class=\"show-on-hover\">\n                         Bandages impr\u00e9gn\u00e9s de p\u00e2te                        <\/span>\n                      <\/p>\n                  <\/div>\n            <\/div>\n           <\/div>\n           <\/a>\n           <\/div>\n           <\/div><div class=\"col\" data-terms=\"[&quot;Bandage \u00e9lastique adh\u00e9sif&quot;]\" >\n          <div class=\"col-inner\" style=\"border-radius:3%;\">\n          <a href=\"https:\/\/www.previs.it\/fr\/product\/previadesiva\/\" class=\"plain \">\n          <div class=\"portfolio-box box has-hover box-normal\">\n            <div class=\"box-image\" style=\"border-radius:3%;\">\n                <div class=\"image-zoom image-cover\" style=\"padding-top:75%;\">\n                <img loading=\"lazy\" decoding=\"async\" width=\"800\" height=\"600\" src=\"https:\/\/www.previs.it\/wp-content\/uploads\/2024\/11\/previs_benda-elastica-Previadesiva.webp\" class=\"attachment-original size-original\" alt=\"\" srcset=\"https:\/\/www.previs.it\/wp-content\/uploads\/2024\/11\/previs_benda-elastica-Previadesiva.webp 800w, https:\/\/www.previs.it\/wp-content\/uploads\/2024\/11\/previs_benda-elastica-Previadesiva-300x225.webp 300w, https:\/\/www.previs.it\/wp-content\/uploads\/2024\/11\/previs_benda-elastica-Previadesiva-768x576.webp 768w\" sizes=\"auto, (max-width: 800px) 100vw, 800px\" \/>                                                <\/div>\n            <\/div>\n            <div class=\"box-text text-center\" >\n                  <div class=\"box-text-inner\">\n                      <h6 class=\"uppercase portfolio-box-title\">Previadesiva<\/h6>\n                      <p class=\"uppercase portfolio-box-category is-xsmall op-6\">\n                        <span class=\"show-on-hover\">\n                         Bandage \u00e9lastique adh\u00e9sif                        <\/span>\n                      <\/p>\n                  <\/div>\n            <\/div>\n           <\/div>\n           <\/a>\n           <\/div>\n           <\/div><div class=\"col\" data-terms=\"[&quot;Bandages \u00e9lastiques compressifs&quot;]\" >\n          <div class=\"col-inner\" style=\"border-radius:3%;\">\n          <a href=\"https:\/\/www.previs.it\/fr\/product\/bandes-elastiques-compressives\/\" class=\"plain \">\n          <div class=\"portfolio-box box has-hover box-normal\">\n            <div class=\"box-image\" style=\"border-radius:3%;\">\n                <div class=\"image-zoom image-cover\" style=\"padding-top:75%;\">\n                <img loading=\"lazy\" decoding=\"async\" width=\"800\" height=\"600\" src=\"https:\/\/www.previs.it\/wp-content\/uploads\/2024\/11\/previs-benda-elastica-previbielastica.webp\" class=\"attachment-original size-original\" alt=\"\" srcset=\"https:\/\/www.previs.it\/wp-content\/uploads\/2024\/11\/previs-benda-elastica-previbielastica.webp 800w, https:\/\/www.previs.it\/wp-content\/uploads\/2024\/11\/previs-benda-elastica-previbielastica-300x225.webp 300w, https:\/\/www.previs.it\/wp-content\/uploads\/2024\/11\/previs-benda-elastica-previbielastica-768x576.webp 768w\" sizes=\"auto, (max-width: 800px) 100vw, 800px\" \/>                                                <\/div>\n            <\/div>\n            <div class=\"box-text text-center\" >\n                  <div class=\"box-text-inner\">\n                      <h6 class=\"uppercase portfolio-box-title\">Bandes \u00c9lastiques Compressives<\/h6>\n                      <p class=\"uppercase portfolio-box-category is-xsmall op-6\">\n                        <span class=\"show-on-hover\">\n                         Bandages \u00e9lastiques compressifs                        <\/span>\n                      <\/p>\n                  <\/div>\n            <\/div>\n           <\/div>\n           <\/a>\n           <\/div>\n           <\/div><div class=\"col\" data-terms=\"[&quot;Bandages \u00e9lastiques l\u00e9gers&quot;]\" >\n          <div class=\"col-inner\" style=\"border-radius:3%;\">\n          <a href=\"https:\/\/www.previs.it\/fr\/product\/bandes-elastiques-legeres\/\" class=\"plain \">\n          <div class=\"portfolio-box box has-hover box-normal\">\n            <div class=\"box-image\" style=\"border-radius:3%;\">\n                <div class=\"image-zoom image-cover\" style=\"padding-top:75%;\">\n                <img loading=\"lazy\" decoding=\"async\" width=\"800\" height=\"600\" src=\"https:\/\/www.previs.it\/wp-content\/uploads\/2024\/11\/previs_benda-elastica-Prevideal.webp\" class=\"attachment-original size-original\" alt=\"\" srcset=\"https:\/\/www.previs.it\/wp-content\/uploads\/2024\/11\/previs_benda-elastica-Prevideal.webp 800w, https:\/\/www.previs.it\/wp-content\/uploads\/2024\/11\/previs_benda-elastica-Prevideal-300x225.webp 300w, https:\/\/www.previs.it\/wp-content\/uploads\/2024\/11\/previs_benda-elastica-Prevideal-768x576.webp 768w\" sizes=\"auto, (max-width: 800px) 100vw, 800px\" \/>                                                <\/div>\n            <\/div>\n            <div class=\"box-text text-center\" >\n                  <div class=\"box-text-inner\">\n                      <h6 class=\"uppercase portfolio-box-title\">Bandes \u00c9lastiques L\u00e9g\u00e8res<\/h6>\n                      <p class=\"uppercase portfolio-box-category is-xsmall op-6\">\n                        <span class=\"show-on-hover\">\n                         Bandages \u00e9lastiques l\u00e9gers                        <\/span>\n                      <\/p>\n                  <\/div>\n            <\/div>\n           <\/div>\n           <\/a>\n           <\/div>\n           <\/div><div class=\"col\" data-terms=\"[&quot;Bandages en gaze&quot;]\" >\n          <div class=\"col-inner\" style=\"border-radius:3%;\">\n          <a href=\"https:\/\/www.previs.it\/fr\/product\/bandes-de-gaze\/\" class=\"plain \">\n          <div class=\"portfolio-box box has-hover box-normal\">\n            <div class=\"box-image\" style=\"border-radius:3%;\">\n                <div class=\"image-zoom image-cover\" style=\"padding-top:75%;\">\n                <img loading=\"lazy\" decoding=\"async\" width=\"800\" height=\"600\" src=\"https:\/\/www.previs.it\/wp-content\/uploads\/2024\/11\/previs_benda-di-Garza-Idrofila-Auricolare.webp\" class=\"attachment-original size-original\" alt=\"\" srcset=\"https:\/\/www.previs.it\/wp-content\/uploads\/2024\/11\/previs_benda-di-Garza-Idrofila-Auricolare.webp 800w, https:\/\/www.previs.it\/wp-content\/uploads\/2024\/11\/previs_benda-di-Garza-Idrofila-Auricolare-300x225.webp 300w, https:\/\/www.previs.it\/wp-content\/uploads\/2024\/11\/previs_benda-di-Garza-Idrofila-Auricolare-768x576.webp 768w\" sizes=\"auto, (max-width: 800px) 100vw, 800px\" \/>                                                <\/div>\n            <\/div>\n            <div class=\"box-text text-center\" >\n                  <div class=\"box-text-inner\">\n                      <h6 class=\"uppercase portfolio-box-title\">Bandes de Gaze<\/h6>\n                      <p class=\"uppercase portfolio-box-category is-xsmall op-6\">\n                        <span class=\"show-on-hover\">\n                         Bandages en gaze                        <\/span>\n                      <\/p>\n                  <\/div>\n            <\/div>\n           <\/div>\n           <\/a>\n           <\/div>\n           <\/div><div class=\"col\" data-terms=\"[&quot;Bandages de premiers secours&quot;]\" >\n          <div class=\"col-inner\" style=\"border-radius:3%;\">\n          <a href=\"https:\/\/www.previs.it\/fr\/product\/bandes-de-premiers-secours\/\" class=\"plain \">\n          <div class=\"portfolio-box box has-hover box-normal\">\n            <div class=\"box-image\" style=\"border-radius:3%;\">\n                <div class=\"image-zoom image-cover\" style=\"padding-top:75%;\">\n                <img loading=\"lazy\" decoding=\"async\" width=\"800\" height=\"600\" src=\"https:\/\/www.previs.it\/wp-content\/uploads\/2024\/11\/previs_benda-elastica-PreviSTOP.webp\" class=\"attachment-original size-original\" alt=\"\" srcset=\"https:\/\/www.previs.it\/wp-content\/uploads\/2024\/11\/previs_benda-elastica-PreviSTOP.webp 800w, https:\/\/www.previs.it\/wp-content\/uploads\/2024\/11\/previs_benda-elastica-PreviSTOP-300x225.webp 300w, https:\/\/www.previs.it\/wp-content\/uploads\/2024\/11\/previs_benda-elastica-PreviSTOP-768x576.webp 768w\" sizes=\"auto, (max-width: 800px) 100vw, 800px\" \/>                                                <\/div>\n            <\/div>\n            <div class=\"box-text text-center\" >\n                  <div class=\"box-text-inner\">\n                      <h6 class=\"uppercase portfolio-box-title\">Bandes de Premiers Secours<\/h6>\n                      <p class=\"uppercase portfolio-box-category is-xsmall op-6\">\n                        <span class=\"show-on-hover\">\n                         Bandages de premiers secours                        <\/span>\n                      <\/p>\n                  <\/div>\n            <\/div>\n           <\/div>\n           <\/a>\n           <\/div>\n           <\/div><div class=\"col\" data-terms=\"[&quot;Bandages pour le sport&quot;]\" >\n          <div class=\"col-inner\" style=\"border-radius:3%;\">\n          <a href=\"https:\/\/www.previs.it\/fr\/product\/bandes-pour-le-sport\/\" class=\"plain \">\n          <div class=\"portfolio-box box has-hover box-normal\">\n            <div class=\"box-image\" style=\"border-radius:3%;\">\n                <div class=\"image-zoom image-cover\" style=\"padding-top:75%;\">\n                <img loading=\"lazy\" decoding=\"async\" width=\"800\" height=\"600\" src=\"https:\/\/www.previs.it\/wp-content\/uploads\/2024\/11\/previs_PreviTape.webp\" class=\"attachment-original size-original\" alt=\"\" srcset=\"https:\/\/www.previs.it\/wp-content\/uploads\/2024\/11\/previs_PreviTape.webp 800w, https:\/\/www.previs.it\/wp-content\/uploads\/2024\/11\/previs_PreviTape-300x225.webp 300w, https:\/\/www.previs.it\/wp-content\/uploads\/2024\/11\/previs_PreviTape-768x576.webp 768w\" sizes=\"auto, (max-width: 800px) 100vw, 800px\" \/>                                                <\/div>\n            <\/div>\n            <div class=\"box-text text-center\" >\n                  <div class=\"box-text-inner\">\n                      <h6 class=\"uppercase portfolio-box-title\">Bandes pour le Sport<\/h6>\n                      <p class=\"uppercase portfolio-box-category is-xsmall op-6\">\n                        <span class=\"show-on-hover\">\n                         Bandages pour le sport                        <\/span>\n                      <\/p>\n                  <\/div>\n            <\/div>\n           <\/div>\n           <\/a>\n           <\/div>\n           <\/div><div class=\"col\" data-terms=\"[&quot;Bandages tubulaires&quot;]\" >\n          <div class=\"col-inner\" style=\"border-radius:3%;\">\n          <a href=\"https:\/\/www.previs.it\/fr\/product\/bandes-tubulaires\/\" class=\"plain \">\n          <div class=\"portfolio-box box has-hover box-normal\">\n            <div class=\"box-image\" style=\"border-radius:3%;\">\n                <div class=\"image-zoom image-cover\" style=\"padding-top:75%;\">\n                <img loading=\"lazy\" decoding=\"async\" width=\"800\" height=\"600\" src=\"https:\/\/www.previs.it\/wp-content\/uploads\/2024\/11\/previs_rete-elastica-Previnet-LF.webp\" class=\"attachment-original size-original\" alt=\"\" srcset=\"https:\/\/www.previs.it\/wp-content\/uploads\/2024\/11\/previs_rete-elastica-Previnet-LF.webp 800w, https:\/\/www.previs.it\/wp-content\/uploads\/2024\/11\/previs_rete-elastica-Previnet-LF-300x225.webp 300w, https:\/\/www.previs.it\/wp-content\/uploads\/2024\/11\/previs_rete-elastica-Previnet-LF-768x576.webp 768w\" sizes=\"auto, (max-width: 800px) 100vw, 800px\" \/>                                                <\/div>\n            <\/div>\n            <div class=\"box-text text-center\" >\n                  <div class=\"box-text-inner\">\n                      <h6 class=\"uppercase portfolio-box-title\">Bandes Tubulaires<\/h6>\n                      <p class=\"uppercase portfolio-box-category is-xsmall op-6\">\n                        <span class=\"show-on-hover\">\n                         Bandages tubulaires                        <\/span>\n                      <\/p>\n                  <\/div>\n            <\/div>\n           <\/div>\n           <\/a>\n           <\/div>\n           <\/div><\/div><\/div>\n\t\t<\/div>\n\t\t\t\t\t<\/div>\n\n\t\n<\/div>\n\t\t<\/div>\n\n\t\t\n<style>\n#section_1125766706 {\n  padding-top: 60px;\n  padding-bottom: 60px;\n}\n<\/style>\n\t<\/section>\n\t\n","protected":false},"excerpt":{"rendered":"","protected":false},"author":2,"featured_media":0,"parent":0,"menu_order":0,"comment_status":"closed","ping_status":"closed","template":"page-blank.php","meta":{"footnotes":""},"class_list":["post-1242","page","type-page","status-publish","hentry"],"yoast_head":"<!-- This site is optimized with the Yoast SEO plugin v27.0 - https:\/\/yoast.com\/product\/yoast-seo-wordpress\/ -->\n<title>Produits Previs : bandages \u00e0 l\u2019oxyde de zinc, en coton et bien plus encore - PREVIS<\/title>\n<meta name=\"description\" content=\"Previs Srl est sp\u00e9cialis\u00e9e dans les bandages \u00e0 l\u2019oxyde de zinc, les bandages ourl\u00e9s en gaze de coton, les bandages \u00e9lastiques l\u00e9gers, les bandages compressifs, les bandages impr\u00e9gn\u00e9s de p\u00e2tes et les bandages coh\u00e9sifs.\" \/>\n<meta name=\"robots\" content=\"index, follow, max-snippet:-1, max-image-preview:large, max-video-preview:-1\" \/>\n<link rel=\"canonical\" href=\"https:\/\/www.previs.it\/fr\/produits\/\" \/>\n<meta property=\"og:locale\" content=\"fr_FR\" \/>\n<meta property=\"og:type\" content=\"article\" \/>\n<meta property=\"og:title\" content=\"Produits Previs : bandages \u00e0 l\u2019oxyde de zinc, en coton et bien plus encore - PREVIS\" \/>\n<meta property=\"og:description\" content=\"Previs Srl est sp\u00e9cialis\u00e9e dans les bandages \u00e0 l\u2019oxyde de zinc, les bandages ourl\u00e9s en gaze de coton, les bandages \u00e9lastiques l\u00e9gers, les bandages compressifs, les bandages impr\u00e9gn\u00e9s de p\u00e2tes et les bandages coh\u00e9sifs.\" \/>\n<meta property=\"og:url\" content=\"https:\/\/www.previs.it\/fr\/produits\/\" \/>\n<meta property=\"og:site_name\" content=\"PREVIS\" \/>\n<meta property=\"article:modified_time\" content=\"2025-02-24T10:27:51+00:00\" \/>\n<meta name=\"twitter:card\" content=\"summary_large_image\" \/>\n<meta name=\"twitter:label1\" content=\"Dur\u00e9e de lecture estim\u00e9e\" \/>\n\t<meta name=\"twitter:data1\" content=\"1 minute\" \/>\n<script type=\"application\/ld+json\" class=\"yoast-schema-graph\">{\"@context\":\"https:\/\/schema.org\",\"@graph\":[{\"@type\":\"WebPage\",\"@id\":\"https:\/\/www.previs.it\/fr\/produits\/\",\"url\":\"https:\/\/www.previs.it\/fr\/produits\/\",\"name\":\"Produits Previs : bandages \u00e0 l\u2019oxyde de zinc, en coton et bien plus encore - PREVIS\",\"isPartOf\":{\"@id\":\"https:\/\/www.previs.it\/#website\"},\"datePublished\":\"2024-11-14T14:01:46+00:00\",\"dateModified\":\"2025-02-24T10:27:51+00:00\",\"description\":\"Previs Srl est sp\u00e9cialis\u00e9e dans les bandages \u00e0 l\u2019oxyde de zinc, les bandages ourl\u00e9s en gaze de coton, les bandages \u00e9lastiques l\u00e9gers, les bandages compressifs, les bandages impr\u00e9gn\u00e9s de p\u00e2tes et les bandages coh\u00e9sifs.\",\"breadcrumb\":{\"@id\":\"https:\/\/www.previs.it\/fr\/produits\/#breadcrumb\"},\"inLanguage\":\"fr-FR\",\"potentialAction\":[{\"@type\":\"ReadAction\",\"target\":[\"https:\/\/www.previs.it\/fr\/produits\/\"]}]},{\"@type\":\"BreadcrumbList\",\"@id\":\"https:\/\/www.previs.it\/fr\/produits\/#breadcrumb\",\"itemListElement\":[{\"@type\":\"ListItem\",\"position\":1,\"name\":\"Home\",\"item\":\"https:\/\/www.previs.it\/fr\/\"},{\"@type\":\"ListItem\",\"position\":2,\"name\":\"PRODUITS\"}]},{\"@type\":\"WebSite\",\"@id\":\"https:\/\/www.previs.it\/#website\",\"url\":\"https:\/\/www.previs.it\/\",\"name\":\"PREVIS\",\"description\":\"My WordPress Blog\",\"potentialAction\":[{\"@type\":\"SearchAction\",\"target\":{\"@type\":\"EntryPoint\",\"urlTemplate\":\"https:\/\/www.previs.it\/?s={search_term_string}\"},\"query-input\":{\"@type\":\"PropertyValueSpecification\",\"valueRequired\":true,\"valueName\":\"search_term_string\"}}],\"inLanguage\":\"fr-FR\"}]}<\/script>\n<!-- \/ Yoast SEO plugin. -->","yoast_head_json":{"title":"Produits Previs : bandages \u00e0 l\u2019oxyde de zinc, en coton et bien plus encore - PREVIS","description":"Previs Srl est sp\u00e9cialis\u00e9e dans les bandages \u00e0 l\u2019oxyde de zinc, les bandages ourl\u00e9s en gaze de coton, les bandages \u00e9lastiques l\u00e9gers, les bandages compressifs, les bandages impr\u00e9gn\u00e9s de p\u00e2tes et les bandages coh\u00e9sifs.","robots":{"index":"index","follow":"follow","max-snippet":"max-snippet:-1","max-image-preview":"max-image-preview:large","max-video-preview":"max-video-preview:-1"},"canonical":"https:\/\/www.previs.it\/fr\/produits\/","og_locale":"fr_FR","og_type":"article","og_title":"Produits Previs : bandages \u00e0 l\u2019oxyde de zinc, en coton et bien plus encore - PREVIS","og_description":"Previs Srl est sp\u00e9cialis\u00e9e dans les bandages \u00e0 l\u2019oxyde de zinc, les bandages ourl\u00e9s en gaze de coton, les bandages \u00e9lastiques l\u00e9gers, les bandages compressifs, les bandages impr\u00e9gn\u00e9s de p\u00e2tes et les bandages coh\u00e9sifs.","og_url":"https:\/\/www.previs.it\/fr\/produits\/","og_site_name":"PREVIS","article_modified_time":"2025-02-24T10:27:51+00:00","twitter_card":"summary_large_image","twitter_misc":{"Dur\u00e9e de lecture estim\u00e9e":"1 minute"},"schema":{"@context":"https:\/\/schema.org","@graph":[{"@type":"WebPage","@id":"https:\/\/www.previs.it\/fr\/produits\/","url":"https:\/\/www.previs.it\/fr\/produits\/","name":"Produits Previs : bandages \u00e0 l\u2019oxyde de zinc, en coton et bien plus encore - PREVIS","isPartOf":{"@id":"https:\/\/www.previs.it\/#website"},"datePublished":"2024-11-14T14:01:46+00:00","dateModified":"2025-02-24T10:27:51+00:00","description":"Previs Srl est sp\u00e9cialis\u00e9e dans les bandages \u00e0 l\u2019oxyde de zinc, les bandages ourl\u00e9s en gaze de coton, les bandages \u00e9lastiques l\u00e9gers, les bandages compressifs, les bandages impr\u00e9gn\u00e9s de p\u00e2tes et les bandages coh\u00e9sifs.","breadcrumb":{"@id":"https:\/\/www.previs.it\/fr\/produits\/#breadcrumb"},"inLanguage":"fr-FR","potentialAction":[{"@type":"ReadAction","target":["https:\/\/www.previs.it\/fr\/produits\/"]}]},{"@type":"BreadcrumbList","@id":"https:\/\/www.previs.it\/fr\/produits\/#breadcrumb","itemListElement":[{"@type":"ListItem","position":1,"name":"Home","item":"https:\/\/www.previs.it\/fr\/"},{"@type":"ListItem","position":2,"name":"PRODUITS"}]},{"@type":"WebSite","@id":"https:\/\/www.previs.it\/#website","url":"https:\/\/www.previs.it\/","name":"PREVIS","description":"My WordPress Blog","potentialAction":[{"@type":"SearchAction","target":{"@type":"EntryPoint","urlTemplate":"https:\/\/www.previs.it\/?s={search_term_string}"},"query-input":{"@type":"PropertyValueSpecification","valueRequired":true,"valueName":"search_term_string"}}],"inLanguage":"fr-FR"}]}},"_links":{"self":[{"href":"https:\/\/www.previs.it\/fr\/wp-json\/wp\/v2\/pages\/1242","targetHints":{"allow":["GET"]}}],"collection":[{"href":"https:\/\/www.previs.it\/fr\/wp-json\/wp\/v2\/pages"}],"about":[{"href":"https:\/\/www.previs.it\/fr\/wp-json\/wp\/v2\/types\/page"}],"author":[{"embeddable":true,"href":"https:\/\/www.previs.it\/fr\/wp-json\/wp\/v2\/users\/2"}],"replies":[{"embeddable":true,"href":"https:\/\/www.previs.it\/fr\/wp-json\/wp\/v2\/comments?post=1242"}],"version-history":[{"count":3,"href":"https:\/\/www.previs.it\/fr\/wp-json\/wp\/v2\/pages\/1242\/revisions"}],"predecessor-version":[{"id":1360,"href":"https:\/\/www.previs.it\/fr\/wp-json\/wp\/v2\/pages\/1242\/revisions\/1360"}],"wp:attachment":[{"href":"https:\/\/www.previs.it\/fr\/wp-json\/wp\/v2\/media?parent=1242"}],"curies":[{"name":"wp","href":"https:\/\/api.w.org\/{rel}","templated":true}]}}