{"id":1238,"date":"2024-11-05T15:31:11","date_gmt":"2024-11-05T14:31:11","guid":{"rendered":"https:\/\/www.previs.it\/?page_id=1238"},"modified":"2024-12-09T11:04:01","modified_gmt":"2024-12-09T10:04:01","slug":"actualites-et-evenements","status":"publish","type":"page","link":"https:\/\/www.previs.it\/fr\/actualites-et-evenements\/","title":{"rendered":"Actualit\u00e9s et \u00c9v\u00e9nements"},"content":{"rendered":"\n\t<section class=\"section\" id=\"section_1907148554\">\n\t\t<div class=\"section-bg fill\" >\n\t\t\t\t\t\t\t\t\t\n\t\t\t\n\n\t\t<\/div>\n\n\t\t\n\n\t\t<div class=\"section-content relative\">\n\t\t\t\n\n  \n    <div class=\"row large-columns-2 medium-columns-1 small-columns-1\" >\n  <div class=\"col post-item\" >\n\t\t\t<div class=\"col-inner\">\n\t\t\t\t<div class=\"box box-normal box-text-bottom box-blog-post has-hover\">\n            \t\t\t\t\t<div class=\"box-image\" >\n  \t\t\t\t\t\t<div class=\"image-cover\" style=\"padding-top:56.25%;\">\n\t\t\t\t\t\t\t<a href=\"https:\/\/www.previs.it\/fr\/previs-est-une-entreprise-best-performer-2024-de-la-vallee-de-lagno\/\" class=\"plain\" aria-label=\"Previs est une entreprise Best Performer 2024 de la Vall\u00e9e de l\u2019Agno\">\n\t\t\t\t\t\t\t\t<img loading=\"lazy\" decoding=\"async\" width=\"1500\" height=\"1187\" src=\"https:\/\/www.previs.it\/wp-content\/uploads\/2024\/11\/premiazione-best-performer-2024-previs-srl.webp\" class=\"attachment-original size-original wp-post-image\" alt=\"\" srcset=\"https:\/\/www.previs.it\/wp-content\/uploads\/2024\/11\/premiazione-best-performer-2024-previs-srl.webp 1500w, https:\/\/www.previs.it\/wp-content\/uploads\/2024\/11\/premiazione-best-performer-2024-previs-srl-300x237.webp 300w, https:\/\/www.previs.it\/wp-content\/uploads\/2024\/11\/premiazione-best-performer-2024-previs-srl-1024x810.webp 1024w, https:\/\/www.previs.it\/wp-content\/uploads\/2024\/11\/premiazione-best-performer-2024-previs-srl-768x608.webp 768w\" sizes=\"auto, (max-width: 1500px) 100vw, 1500px\" \/>\t\t\t\t\t\t\t<\/a>\n  \t\t\t\t\t\t\t  \t\t\t\t\t\t\t  \t\t\t\t\t\t<\/div>\n  \t\t\t\t\t\t  \t\t\t\t\t<\/div>\n          \t\t\t\t\t<div class=\"box-text text-center\" >\n\t\t\t\t\t<div class=\"box-text-inner blog-post-inner\">\n\n\t\t\t\t\t\n\t\t\t\t\t\t\t\t\t\t<h5 class=\"post-title is-large \">\n\t\t\t\t\t\t<a href=\"https:\/\/www.previs.it\/fr\/previs-est-une-entreprise-best-performer-2024-de-la-vallee-de-lagno\/\" class=\"plain\">Previs est une entreprise Best Performer 2024 de la Vall\u00e9e de l\u2019Agno<\/a>\n\t\t\t\t\t<\/h5>\n\t\t\t\t\t<div class=\"post-meta is-small op-8\">13\/11\/2024<\/div>\t\t\t\t\t<div class=\"is-divider\"><\/div>\n\t\t\t\t\t\t\t\t\t\t<p class=\"from_the_blog_excerpt \">\n\t\t\t\t\t\tPrevis est une entreprise Best Performer 2024 de la Vall\u00e9e de l\u2019Agno.\t\t\t\t\t<\/p>\n\t\t\t\t\t                    \n\t\t\t\t\t\n\t\t\t\t\t\n\t\t\t\t\t<\/div>\n\t\t\t\t\t<\/div>\n\t\t\t\t\t\t\t\t\t<\/div>\n\t\t\t<\/div>\n\t\t<\/div><div class=\"col post-item\" >\n\t\t\t<div class=\"col-inner\">\n\t\t\t\t<div class=\"box box-normal box-text-bottom box-blog-post has-hover\">\n            \t\t\t\t\t<div class=\"box-image\" >\n  \t\t\t\t\t\t<div class=\"image-cover\" style=\"padding-top:56.25%;\">\n\t\t\t\t\t\t\t<a href=\"https:\/\/www.previs.it\/fr\/visit-us-at-medica\/\" class=\"plain\" aria-label=\"Visit us at MEDICA\">\n\t\t\t\t\t\t\t\t<img loading=\"lazy\" decoding=\"async\" width=\"1600\" height=\"1200\" src=\"https:\/\/www.previs.it\/wp-content\/uploads\/2024\/11\/Preivs-Medica-2023.webp\" class=\"attachment-original size-original wp-post-image\" alt=\"\" srcset=\"https:\/\/www.previs.it\/wp-content\/uploads\/2024\/11\/Preivs-Medica-2023.webp 1600w, https:\/\/www.previs.it\/wp-content\/uploads\/2024\/11\/Preivs-Medica-2023-300x225.webp 300w, https:\/\/www.previs.it\/wp-content\/uploads\/2024\/11\/Preivs-Medica-2023-1024x768.webp 1024w, https:\/\/www.previs.it\/wp-content\/uploads\/2024\/11\/Preivs-Medica-2023-768x576.webp 768w, https:\/\/www.previs.it\/wp-content\/uploads\/2024\/11\/Preivs-Medica-2023-1536x1152.webp 1536w\" sizes=\"auto, (max-width: 1600px) 100vw, 1600px\" \/>\t\t\t\t\t\t\t<\/a>\n  \t\t\t\t\t\t\t  \t\t\t\t\t\t\t  \t\t\t\t\t\t<\/div>\n  \t\t\t\t\t\t  \t\t\t\t\t<\/div>\n          \t\t\t\t\t<div class=\"box-text text-center\" >\n\t\t\t\t\t<div class=\"box-text-inner blog-post-inner\">\n\n\t\t\t\t\t\n\t\t\t\t\t\t\t\t\t\t<h5 class=\"post-title is-large \">\n\t\t\t\t\t\t<a href=\"https:\/\/www.previs.it\/fr\/visit-us-at-medica\/\" class=\"plain\">Visit us at MEDICA<\/a>\n\t\t\t\t\t<\/h5>\n\t\t\t\t\t<div class=\"post-meta is-small op-8\">06\/11\/2024<\/div>\t\t\t\t\t<div class=\"is-divider\"><\/div>\n\t\t\t\t\t\t\t\t\t\t<p class=\"from_the_blog_excerpt \">\n\t\t\t\t\t\t\t\t\t\t\t<\/p>\n\t\t\t\t\t                    \n\t\t\t\t\t\n\t\t\t\t\t\n\t\t\t\t\t<\/div>\n\t\t\t\t\t<\/div>\n\t\t\t\t\t\t\t\t\t<\/div>\n\t\t\t<\/div>\n\t\t<\/div><div class=\"col post-item\" >\n\t\t\t<div class=\"col-inner\">\n\t\t\t\t<div class=\"box box-normal box-text-bottom box-blog-post has-hover\">\n            \t\t\t\t\t<div class=\"box-image\" >\n  \t\t\t\t\t\t<div class=\"image-cover\" style=\"padding-top:56.25%;\">\n\t\t\t\t\t\t\t<a href=\"https:\/\/www.previs.it\/fr\/visit-us-at-medica-2\/\" class=\"plain\" aria-label=\"Visit us at MEDICA\">\n\t\t\t\t\t\t\t\t<img loading=\"lazy\" decoding=\"async\" width=\"1200\" height=\"678\" src=\"https:\/\/www.previs.it\/wp-content\/uploads\/2022\/07\/medica_2022-ok.webp\" class=\"attachment-original size-original wp-post-image\" alt=\"\" srcset=\"https:\/\/www.previs.it\/wp-content\/uploads\/2022\/07\/medica_2022-ok.webp 1200w, https:\/\/www.previs.it\/wp-content\/uploads\/2022\/07\/medica_2022-ok-300x170.webp 300w, https:\/\/www.previs.it\/wp-content\/uploads\/2022\/07\/medica_2022-ok-1024x579.webp 1024w, https:\/\/www.previs.it\/wp-content\/uploads\/2022\/07\/medica_2022-ok-768x434.webp 768w\" sizes=\"auto, (max-width: 1200px) 100vw, 1200px\" \/>\t\t\t\t\t\t\t<\/a>\n  \t\t\t\t\t\t\t  \t\t\t\t\t\t\t  \t\t\t\t\t\t<\/div>\n  \t\t\t\t\t\t  \t\t\t\t\t<\/div>\n          \t\t\t\t\t<div class=\"box-text text-center\" >\n\t\t\t\t\t<div class=\"box-text-inner blog-post-inner\">\n\n\t\t\t\t\t\n\t\t\t\t\t\t\t\t\t\t<h5 class=\"post-title is-large \">\n\t\t\t\t\t\t<a href=\"https:\/\/www.previs.it\/fr\/visit-us-at-medica-2\/\" class=\"plain\">Visit us at MEDICA<\/a>\n\t\t\t\t\t<\/h5>\n\t\t\t\t\t<div class=\"post-meta is-small op-8\">19\/07\/2022<\/div>\t\t\t\t\t<div class=\"is-divider\"><\/div>\n\t\t\t\t\t\t\t\t\t\t<p class=\"from_the_blog_excerpt \">\n\t\t\t\t\t\t\t\t\t\t\t<\/p>\n\t\t\t\t\t                    \n\t\t\t\t\t\n\t\t\t\t\t\n\t\t\t\t\t<\/div>\n\t\t\t\t\t<\/div>\n\t\t\t\t\t\t\t\t\t<\/div>\n\t\t\t<\/div>\n\t\t<\/div><div class=\"col post-item\" >\n\t\t\t<div class=\"col-inner\">\n\t\t\t\t<div class=\"box box-normal box-text-bottom box-blog-post has-hover\">\n            \t\t\t\t\t<div class=\"box-image\" >\n  \t\t\t\t\t\t<div class=\"image-cover\" style=\"padding-top:56.25%;\">\n\t\t\t\t\t\t\t<a href=\"https:\/\/www.previs.it\/fr\/previs-at-medica-2021\/\" class=\"plain\" aria-label=\"Previs at MEDICA 2021\">\n\t\t\t\t\t\t\t\t<img loading=\"lazy\" decoding=\"async\" width=\"800\" height=\"607\" src=\"https:\/\/www.previs.it\/wp-content\/uploads\/2024\/11\/Previs-at-MEDICA-2021-800.webp\" class=\"attachment-original size-original wp-post-image\" alt=\"\" srcset=\"https:\/\/www.previs.it\/wp-content\/uploads\/2024\/11\/Previs-at-MEDICA-2021-800.webp 800w, https:\/\/www.previs.it\/wp-content\/uploads\/2024\/11\/Previs-at-MEDICA-2021-800-300x228.webp 300w, https:\/\/www.previs.it\/wp-content\/uploads\/2024\/11\/Previs-at-MEDICA-2021-800-768x583.webp 768w\" sizes=\"auto, (max-width: 800px) 100vw, 800px\" \/>\t\t\t\t\t\t\t<\/a>\n  \t\t\t\t\t\t\t  \t\t\t\t\t\t\t  \t\t\t\t\t\t<\/div>\n  \t\t\t\t\t\t  \t\t\t\t\t<\/div>\n          \t\t\t\t\t<div class=\"box-text text-center\" >\n\t\t\t\t\t<div class=\"box-text-inner blog-post-inner\">\n\n\t\t\t\t\t\n\t\t\t\t\t\t\t\t\t\t<h5 class=\"post-title is-large \">\n\t\t\t\t\t\t<a href=\"https:\/\/www.previs.it\/fr\/previs-at-medica-2021\/\" class=\"plain\">Previs at MEDICA 2021<\/a>\n\t\t\t\t\t<\/h5>\n\t\t\t\t\t<div class=\"post-meta is-small op-8\">12\/07\/2022<\/div>\t\t\t\t\t<div class=\"is-divider\"><\/div>\n\t\t\t\t\t\t\t\t\t\t<p class=\"from_the_blog_excerpt \">\n\t\t\t\t\t\t\t\t\t\t\t<\/p>\n\t\t\t\t\t                    \n\t\t\t\t\t\n\t\t\t\t\t\n\t\t\t\t\t<\/div>\n\t\t\t\t\t<\/div>\n\t\t\t\t\t\t\t\t\t<\/div>\n\t\t\t<\/div>\n\t\t<\/div><div class=\"col post-item\" >\n\t\t\t<div class=\"col-inner\">\n\t\t\t\t<div class=\"box box-normal box-text-bottom box-blog-post has-hover\">\n            \t\t\t\t\t<div class=\"box-image\" >\n  \t\t\t\t\t\t<div class=\"image-cover\" style=\"padding-top:56.25%;\">\n\t\t\t\t\t\t\t<a href=\"https:\/\/www.previs.it\/fr\/previs-celebrating-30-years-1986-2016\/\" class=\"plain\" aria-label=\"Previs, celebrating 30 years: 1986 \u2013 2016\">\n\t\t\t\t\t\t\t\t<img loading=\"lazy\" decoding=\"async\" width=\"1013\" height=\"569\" src=\"https:\/\/www.previs.it\/wp-content\/uploads\/2016\/10\/Celebrating-30Yeare_es-ok.webp\" class=\"attachment-original size-original wp-post-image\" alt=\"\" srcset=\"https:\/\/www.previs.it\/wp-content\/uploads\/2016\/10\/Celebrating-30Yeare_es-ok.webp 1013w, https:\/\/www.previs.it\/wp-content\/uploads\/2016\/10\/Celebrating-30Yeare_es-ok-300x169.webp 300w, https:\/\/www.previs.it\/wp-content\/uploads\/2016\/10\/Celebrating-30Yeare_es-ok-768x431.webp 768w\" sizes=\"auto, (max-width: 1013px) 100vw, 1013px\" \/>\t\t\t\t\t\t\t<\/a>\n  \t\t\t\t\t\t\t  \t\t\t\t\t\t\t  \t\t\t\t\t\t<\/div>\n  \t\t\t\t\t\t  \t\t\t\t\t<\/div>\n          \t\t\t\t\t<div class=\"box-text text-center\" >\n\t\t\t\t\t<div class=\"box-text-inner blog-post-inner\">\n\n\t\t\t\t\t\n\t\t\t\t\t\t\t\t\t\t<h5 class=\"post-title is-large \">\n\t\t\t\t\t\t<a href=\"https:\/\/www.previs.it\/fr\/previs-celebrating-30-years-1986-2016\/\" class=\"plain\">Previs, celebrating 30 years: 1986 \u2013 2016<\/a>\n\t\t\t\t\t<\/h5>\n\t\t\t\t\t<div class=\"post-meta is-small op-8\">25\/10\/2016<\/div>\t\t\t\t\t<div class=\"is-divider\"><\/div>\n\t\t\t\t\t\t\t\t\t\t<p class=\"from_the_blog_excerpt \">\n\t\t\t\t\t\t\t\t\t\t\t<\/p>\n\t\t\t\t\t                    \n\t\t\t\t\t\n\t\t\t\t\t\n\t\t\t\t\t<\/div>\n\t\t\t\t\t<\/div>\n\t\t\t\t\t\t\t\t\t<\/div>\n\t\t\t<\/div>\n\t\t<\/div><div class=\"col post-item\" >\n\t\t\t<div class=\"col-inner\">\n\t\t\t\t<div class=\"box box-normal box-text-bottom box-blog-post has-hover\">\n            \t\t\t\t\t<div class=\"box-image\" >\n  \t\t\t\t\t\t<div class=\"image-cover\" style=\"padding-top:56.25%;\">\n\t\t\t\t\t\t\t<a href=\"https:\/\/www.previs.it\/fr\/visit-us-at-medica-2016\/\" class=\"plain\" aria-label=\"Visit us at MEDICA 2016\">\n\t\t\t\t\t\t\t\t<img loading=\"lazy\" decoding=\"async\" width=\"1200\" height=\"678\" src=\"https:\/\/www.previs.it\/wp-content\/uploads\/2016\/10\/medica_2016-ok.webp\" class=\"attachment-original size-original wp-post-image\" alt=\"\" srcset=\"https:\/\/www.previs.it\/wp-content\/uploads\/2016\/10\/medica_2016-ok.webp 1200w, https:\/\/www.previs.it\/wp-content\/uploads\/2016\/10\/medica_2016-ok-300x170.webp 300w, https:\/\/www.previs.it\/wp-content\/uploads\/2016\/10\/medica_2016-ok-1024x579.webp 1024w, https:\/\/www.previs.it\/wp-content\/uploads\/2016\/10\/medica_2016-ok-768x434.webp 768w\" sizes=\"auto, (max-width: 1200px) 100vw, 1200px\" \/>\t\t\t\t\t\t\t<\/a>\n  \t\t\t\t\t\t\t  \t\t\t\t\t\t\t  \t\t\t\t\t\t<\/div>\n  \t\t\t\t\t\t  \t\t\t\t\t<\/div>\n          \t\t\t\t\t<div class=\"box-text text-center\" >\n\t\t\t\t\t<div class=\"box-text-inner blog-post-inner\">\n\n\t\t\t\t\t\n\t\t\t\t\t\t\t\t\t\t<h5 class=\"post-title is-large \">\n\t\t\t\t\t\t<a href=\"https:\/\/www.previs.it\/fr\/visit-us-at-medica-2016\/\" class=\"plain\">Visit us at MEDICA 2016<\/a>\n\t\t\t\t\t<\/h5>\n\t\t\t\t\t<div class=\"post-meta is-small op-8\">25\/10\/2016<\/div>\t\t\t\t\t<div class=\"is-divider\"><\/div>\n\t\t\t\t\t\t\t\t\t\t<p class=\"from_the_blog_excerpt \">\n\t\t\t\t\t\t\t\t\t\t\t<\/p>\n\t\t\t\t\t                    \n\t\t\t\t\t\n\t\t\t\t\t\n\t\t\t\t\t<\/div>\n\t\t\t\t\t<\/div>\n\t\t\t\t\t\t\t\t\t<\/div>\n\t\t\t<\/div>\n\t\t<\/div><div class=\"col post-item\" >\n\t\t\t<div class=\"col-inner\">\n\t\t\t\t<div class=\"box box-normal box-text-bottom box-blog-post has-hover\">\n            \t\t\t\t\t<div class=\"box-image\" >\n  \t\t\t\t\t\t<div class=\"image-cover\" style=\"padding-top:56.25%;\">\n\t\t\t\t\t\t\t<a href=\"https:\/\/www.previs.it\/fr\/bandage-previcoesiva-latex-free\/\" class=\"plain\" aria-label=\"Bandage Previcoesiva Latex-free\">\n\t\t\t\t\t\t\t\t<img loading=\"lazy\" decoding=\"async\" width=\"1116\" height=\"744\" src=\"https:\/\/www.previs.it\/wp-content\/uploads\/2014\/02\/coesiva-previs-ok.webp\" class=\"attachment-original size-original wp-post-image\" alt=\"\" srcset=\"https:\/\/www.previs.it\/wp-content\/uploads\/2014\/02\/coesiva-previs-ok.webp 1116w, https:\/\/www.previs.it\/wp-content\/uploads\/2014\/02\/coesiva-previs-ok-300x200.webp 300w, https:\/\/www.previs.it\/wp-content\/uploads\/2014\/02\/coesiva-previs-ok-1024x683.webp 1024w, https:\/\/www.previs.it\/wp-content\/uploads\/2014\/02\/coesiva-previs-ok-768x512.webp 768w\" sizes=\"auto, (max-width: 1116px) 100vw, 1116px\" \/>\t\t\t\t\t\t\t<\/a>\n  \t\t\t\t\t\t\t  \t\t\t\t\t\t\t  \t\t\t\t\t\t<\/div>\n  \t\t\t\t\t\t  \t\t\t\t\t<\/div>\n          \t\t\t\t\t<div class=\"box-text text-center\" >\n\t\t\t\t\t<div class=\"box-text-inner blog-post-inner\">\n\n\t\t\t\t\t\n\t\t\t\t\t\t\t\t\t\t<h5 class=\"post-title is-large \">\n\t\t\t\t\t\t<a href=\"https:\/\/www.previs.it\/fr\/bandage-previcoesiva-latex-free\/\" class=\"plain\">Bandage Previcoesiva Latex-free<\/a>\n\t\t\t\t\t<\/h5>\n\t\t\t\t\t<div class=\"post-meta is-small op-8\">07\/02\/2014<\/div>\t\t\t\t\t<div class=\"is-divider\"><\/div>\n\t\t\t\t\t\t\t\t\t\t<p class=\"from_the_blog_excerpt \">\n\t\t\t\t\t\tBandage \u00e9lastique Previcoesiva Latex-free Composition : 42% coton \u2013 29% viscose \u2013 29% polyamide Largeur [...]\t\t\t\t\t<\/p>\n\t\t\t\t\t                    \n\t\t\t\t\t\n\t\t\t\t\t\n\t\t\t\t\t<\/div>\n\t\t\t\t\t<\/div>\n\t\t\t\t\t\t\t\t\t<\/div>\n\t\t\t<\/div>\n\t\t<\/div><\/div>\n\t\t<\/div>\n\n\t\t\n<style>\n#section_1907148554 {\n  padding-top: 30px;\n  padding-bottom: 30px;\n}\n<\/style>\n\t<\/section>\n\t\n","protected":false},"excerpt":{"rendered":"","protected":false},"author":2,"featured_media":0,"parent":0,"menu_order":0,"comment_status":"closed","ping_status":"closed","template":"page-blank.php","meta":{"footnotes":""},"class_list":["post-1238","page","type-page","status-publish","hentry"],"yoast_head":"<!-- This site is optimized with the Yoast SEO plugin v27.0 - https:\/\/yoast.com\/product\/yoast-seo-wordpress\/ -->\n<title>Actualit\u00e9s et \u00e9v\u00e9nements Previs Srl - PREVIS<\/title>\n<meta name=\"description\" content=\"D\u00e9couvrez les actualit\u00e9s et les \u00e9v\u00e9nements, ainsi que les salons auxquels Previs Srl participe, avec ses bandages et gazes pour diverses applications m\u00e9dicales et sportives.\" \/>\n<meta name=\"robots\" content=\"index, follow, max-snippet:-1, max-image-preview:large, max-video-preview:-1\" \/>\n<link rel=\"canonical\" href=\"https:\/\/www.previs.it\/fr\/actualites-et-evenements\/\" \/>\n<meta property=\"og:locale\" content=\"fr_FR\" \/>\n<meta property=\"og:type\" content=\"article\" \/>\n<meta property=\"og:title\" content=\"Actualit\u00e9s et \u00e9v\u00e9nements Previs Srl - PREVIS\" \/>\n<meta property=\"og:description\" content=\"D\u00e9couvrez les actualit\u00e9s et les \u00e9v\u00e9nements, ainsi que les salons auxquels Previs Srl participe, avec ses bandages et gazes pour diverses applications m\u00e9dicales et sportives.\" \/>\n<meta property=\"og:url\" content=\"https:\/\/www.previs.it\/fr\/actualites-et-evenements\/\" \/>\n<meta property=\"og:site_name\" content=\"PREVIS\" \/>\n<meta property=\"article:modified_time\" content=\"2024-12-09T10:04:01+00:00\" \/>\n<meta name=\"twitter:card\" content=\"summary_large_image\" \/>\n<meta name=\"twitter:label1\" content=\"Dur\u00e9e de lecture estim\u00e9e\" \/>\n\t<meta name=\"twitter:data1\" content=\"1 minute\" \/>\n<script type=\"application\/ld+json\" class=\"yoast-schema-graph\">{\"@context\":\"https:\/\/schema.org\",\"@graph\":[{\"@type\":\"WebPage\",\"@id\":\"https:\/\/www.previs.it\/fr\/actualites-et-evenements\/\",\"url\":\"https:\/\/www.previs.it\/fr\/actualites-et-evenements\/\",\"name\":\"Actualit\u00e9s et \u00e9v\u00e9nements Previs Srl - PREVIS\",\"isPartOf\":{\"@id\":\"https:\/\/www.previs.it\/#website\"},\"datePublished\":\"2024-11-05T14:31:11+00:00\",\"dateModified\":\"2024-12-09T10:04:01+00:00\",\"description\":\"D\u00e9couvrez les actualit\u00e9s et les \u00e9v\u00e9nements, ainsi que les salons auxquels Previs Srl participe, avec ses bandages et gazes pour diverses applications m\u00e9dicales et sportives.\",\"breadcrumb\":{\"@id\":\"https:\/\/www.previs.it\/fr\/actualites-et-evenements\/#breadcrumb\"},\"inLanguage\":\"fr-FR\",\"potentialAction\":[{\"@type\":\"ReadAction\",\"target\":[\"https:\/\/www.previs.it\/fr\/actualites-et-evenements\/\"]}]},{\"@type\":\"BreadcrumbList\",\"@id\":\"https:\/\/www.previs.it\/fr\/actualites-et-evenements\/#breadcrumb\",\"itemListElement\":[{\"@type\":\"ListItem\",\"position\":1,\"name\":\"Home\",\"item\":\"https:\/\/www.previs.it\/fr\/\"},{\"@type\":\"ListItem\",\"position\":2,\"name\":\"Actualit\u00e9s et \u00c9v\u00e9nements\"}]},{\"@type\":\"WebSite\",\"@id\":\"https:\/\/www.previs.it\/#website\",\"url\":\"https:\/\/www.previs.it\/\",\"name\":\"PREVIS\",\"description\":\"My WordPress Blog\",\"potentialAction\":[{\"@type\":\"SearchAction\",\"target\":{\"@type\":\"EntryPoint\",\"urlTemplate\":\"https:\/\/www.previs.it\/?s={search_term_string}\"},\"query-input\":{\"@type\":\"PropertyValueSpecification\",\"valueRequired\":true,\"valueName\":\"search_term_string\"}}],\"inLanguage\":\"fr-FR\"}]}<\/script>\n<!-- \/ Yoast SEO plugin. -->","yoast_head_json":{"title":"Actualit\u00e9s et \u00e9v\u00e9nements Previs Srl - PREVIS","description":"D\u00e9couvrez les actualit\u00e9s et les \u00e9v\u00e9nements, ainsi que les salons auxquels Previs Srl participe, avec ses bandages et gazes pour diverses applications m\u00e9dicales et sportives.","robots":{"index":"index","follow":"follow","max-snippet":"max-snippet:-1","max-image-preview":"max-image-preview:large","max-video-preview":"max-video-preview:-1"},"canonical":"https:\/\/www.previs.it\/fr\/actualites-et-evenements\/","og_locale":"fr_FR","og_type":"article","og_title":"Actualit\u00e9s et \u00e9v\u00e9nements Previs Srl - PREVIS","og_description":"D\u00e9couvrez les actualit\u00e9s et les \u00e9v\u00e9nements, ainsi que les salons auxquels Previs Srl participe, avec ses bandages et gazes pour diverses applications m\u00e9dicales et sportives.","og_url":"https:\/\/www.previs.it\/fr\/actualites-et-evenements\/","og_site_name":"PREVIS","article_modified_time":"2024-12-09T10:04:01+00:00","twitter_card":"summary_large_image","twitter_misc":{"Dur\u00e9e de lecture estim\u00e9e":"1 minute"},"schema":{"@context":"https:\/\/schema.org","@graph":[{"@type":"WebPage","@id":"https:\/\/www.previs.it\/fr\/actualites-et-evenements\/","url":"https:\/\/www.previs.it\/fr\/actualites-et-evenements\/","name":"Actualit\u00e9s et \u00e9v\u00e9nements Previs Srl - PREVIS","isPartOf":{"@id":"https:\/\/www.previs.it\/#website"},"datePublished":"2024-11-05T14:31:11+00:00","dateModified":"2024-12-09T10:04:01+00:00","description":"D\u00e9couvrez les actualit\u00e9s et les \u00e9v\u00e9nements, ainsi que les salons auxquels Previs Srl participe, avec ses bandages et gazes pour diverses applications m\u00e9dicales et sportives.","breadcrumb":{"@id":"https:\/\/www.previs.it\/fr\/actualites-et-evenements\/#breadcrumb"},"inLanguage":"fr-FR","potentialAction":[{"@type":"ReadAction","target":["https:\/\/www.previs.it\/fr\/actualites-et-evenements\/"]}]},{"@type":"BreadcrumbList","@id":"https:\/\/www.previs.it\/fr\/actualites-et-evenements\/#breadcrumb","itemListElement":[{"@type":"ListItem","position":1,"name":"Home","item":"https:\/\/www.previs.it\/fr\/"},{"@type":"ListItem","position":2,"name":"Actualit\u00e9s et \u00c9v\u00e9nements"}]},{"@type":"WebSite","@id":"https:\/\/www.previs.it\/#website","url":"https:\/\/www.previs.it\/","name":"PREVIS","description":"My WordPress Blog","potentialAction":[{"@type":"SearchAction","target":{"@type":"EntryPoint","urlTemplate":"https:\/\/www.previs.it\/?s={search_term_string}"},"query-input":{"@type":"PropertyValueSpecification","valueRequired":true,"valueName":"search_term_string"}}],"inLanguage":"fr-FR"}]}},"_links":{"self":[{"href":"https:\/\/www.previs.it\/fr\/wp-json\/wp\/v2\/pages\/1238","targetHints":{"allow":["GET"]}}],"collection":[{"href":"https:\/\/www.previs.it\/fr\/wp-json\/wp\/v2\/pages"}],"about":[{"href":"https:\/\/www.previs.it\/fr\/wp-json\/wp\/v2\/types\/page"}],"author":[{"embeddable":true,"href":"https:\/\/www.previs.it\/fr\/wp-json\/wp\/v2\/users\/2"}],"replies":[{"embeddable":true,"href":"https:\/\/www.previs.it\/fr\/wp-json\/wp\/v2\/comments?post=1238"}],"version-history":[{"count":1,"href":"https:\/\/www.previs.it\/fr\/wp-json\/wp\/v2\/pages\/1238\/revisions"}],"predecessor-version":[{"id":1239,"href":"https:\/\/www.previs.it\/fr\/wp-json\/wp\/v2\/pages\/1238\/revisions\/1239"}],"wp:attachment":[{"href":"https:\/\/www.previs.it\/fr\/wp-json\/wp\/v2\/media?parent=1238"}],"curies":[{"name":"wp","href":"https:\/\/api.w.org\/{rel}","templated":true}]}}