{"id":1232,"date":"2024-12-04T10:22:53","date_gmt":"2024-12-04T09:22:53","guid":{"rendered":"https:\/\/www.previs.it\/?page_id=1232"},"modified":"2024-12-09T10:32:38","modified_gmt":"2024-12-09T09:32:38","slug":"merci-contacts","status":"publish","type":"page","link":"https:\/\/www.previs.it\/fr\/merci-contacts\/","title":{"rendered":"TYP CONTACTS FR"},"content":{"rendered":"<div class=\"row\"  id=\"row-1447801285\">\n\n\t<div id=\"col-219309325\" class=\"col small-12 large-12\"  >\n\t\t\t\t<div class=\"col-inner text-center\"  >\n\t\t\t\n\t\t\t\n<h1>Merci, message envoy\u00e9 avec succ\u00e8s !<\/h1>\n<div class=\"flex max-w-full flex-col flex-grow\">\n<div class=\"min-h-8 text-message flex w-full flex-col items-end gap-2 whitespace-normal break-words text-start &#091;.text-message+&amp;&#093;:mt-5\" dir=\"auto\" data-message-author-role=\"assistant\" data-message-id=\"4d2e9a96-fc35-4150-b7c1-d7937d116a93\" data-message-model-slug=\"gpt-4o\">\n<div class=\"flex w-full flex-col gap-1 empty:hidden first:pt-&#091;3px&#093;\">\n<div class=\"markdown prose w-full break-words dark:prose-invert light\">\n<p>Merci de nous avoir contact\u00e9s. Un membre de l\u2019\u00e9quipe de Previs Srl vous r\u00e9pondra dans les plus brefs d\u00e9lais.<\/p>\n<\/div>\n<\/div>\n<\/div>\n<\/div>\n\t\t<\/div>\n\t\t\t\t\t<\/div>\n\n\t\n<\/div>\n","protected":false},"excerpt":{"rendered":"","protected":false},"author":2,"featured_media":0,"parent":0,"menu_order":0,"comment_status":"closed","ping_status":"closed","template":"","meta":{"footnotes":""},"class_list":["post-1232","page","type-page","status-publish","hentry"],"yoast_head":"<!-- This site is optimized with the Yoast SEO plugin v27.0 - https:\/\/yoast.com\/product\/yoast-seo-wordpress\/ -->\n<title>TYP CONTACTS FR - PREVIS<\/title>\n<meta name=\"robots\" content=\"index, follow, max-snippet:-1, max-image-preview:large, max-video-preview:-1\" \/>\n<link rel=\"canonical\" href=\"https:\/\/www.previs.it\/fr\/merci-contacts\/\" \/>\n<meta property=\"og:locale\" content=\"fr_FR\" \/>\n<meta property=\"og:type\" content=\"article\" \/>\n<meta property=\"og:title\" content=\"TYP CONTACTS FR - PREVIS\" \/>\n<meta property=\"og:url\" content=\"https:\/\/www.previs.it\/fr\/merci-contacts\/\" \/>\n<meta property=\"og:site_name\" content=\"PREVIS\" \/>\n<meta property=\"article:modified_time\" content=\"2024-12-09T09:32:38+00:00\" \/>\n<meta name=\"twitter:card\" content=\"summary_large_image\" \/>\n<meta name=\"twitter:label1\" content=\"Dur\u00e9e de lecture estim\u00e9e\" \/>\n\t<meta name=\"twitter:data1\" content=\"1 minute\" \/>\n<script type=\"application\/ld+json\" class=\"yoast-schema-graph\">{\"@context\":\"https:\/\/schema.org\",\"@graph\":[{\"@type\":\"WebPage\",\"@id\":\"https:\/\/www.previs.it\/fr\/merci-contacts\/\",\"url\":\"https:\/\/www.previs.it\/fr\/merci-contacts\/\",\"name\":\"TYP CONTACTS FR - PREVIS\",\"isPartOf\":{\"@id\":\"https:\/\/www.previs.it\/#website\"},\"datePublished\":\"2024-12-04T09:22:53+00:00\",\"dateModified\":\"2024-12-09T09:32:38+00:00\",\"breadcrumb\":{\"@id\":\"https:\/\/www.previs.it\/fr\/merci-contacts\/#breadcrumb\"},\"inLanguage\":\"fr-FR\",\"potentialAction\":[{\"@type\":\"ReadAction\",\"target\":[\"https:\/\/www.previs.it\/fr\/merci-contacts\/\"]}]},{\"@type\":\"BreadcrumbList\",\"@id\":\"https:\/\/www.previs.it\/fr\/merci-contacts\/#breadcrumb\",\"itemListElement\":[{\"@type\":\"ListItem\",\"position\":1,\"name\":\"Home\",\"item\":\"https:\/\/www.previs.it\/fr\/\"},{\"@type\":\"ListItem\",\"position\":2,\"name\":\"TYP CONTACTS FR\"}]},{\"@type\":\"WebSite\",\"@id\":\"https:\/\/www.previs.it\/#website\",\"url\":\"https:\/\/www.previs.it\/\",\"name\":\"PREVIS\",\"description\":\"My WordPress Blog\",\"potentialAction\":[{\"@type\":\"SearchAction\",\"target\":{\"@type\":\"EntryPoint\",\"urlTemplate\":\"https:\/\/www.previs.it\/?s={search_term_string}\"},\"query-input\":{\"@type\":\"PropertyValueSpecification\",\"valueRequired\":true,\"valueName\":\"search_term_string\"}}],\"inLanguage\":\"fr-FR\"}]}<\/script>\n<!-- \/ Yoast SEO plugin. -->","yoast_head_json":{"title":"TYP CONTACTS FR - PREVIS","robots":{"index":"index","follow":"follow","max-snippet":"max-snippet:-1","max-image-preview":"max-image-preview:large","max-video-preview":"max-video-preview:-1"},"canonical":"https:\/\/www.previs.it\/fr\/merci-contacts\/","og_locale":"fr_FR","og_type":"article","og_title":"TYP CONTACTS FR - PREVIS","og_url":"https:\/\/www.previs.it\/fr\/merci-contacts\/","og_site_name":"PREVIS","article_modified_time":"2024-12-09T09:32:38+00:00","twitter_card":"summary_large_image","twitter_misc":{"Dur\u00e9e de lecture estim\u00e9e":"1 minute"},"schema":{"@context":"https:\/\/schema.org","@graph":[{"@type":"WebPage","@id":"https:\/\/www.previs.it\/fr\/merci-contacts\/","url":"https:\/\/www.previs.it\/fr\/merci-contacts\/","name":"TYP CONTACTS FR - PREVIS","isPartOf":{"@id":"https:\/\/www.previs.it\/#website"},"datePublished":"2024-12-04T09:22:53+00:00","dateModified":"2024-12-09T09:32:38+00:00","breadcrumb":{"@id":"https:\/\/www.previs.it\/fr\/merci-contacts\/#breadcrumb"},"inLanguage":"fr-FR","potentialAction":[{"@type":"ReadAction","target":["https:\/\/www.previs.it\/fr\/merci-contacts\/"]}]},{"@type":"BreadcrumbList","@id":"https:\/\/www.previs.it\/fr\/merci-contacts\/#breadcrumb","itemListElement":[{"@type":"ListItem","position":1,"name":"Home","item":"https:\/\/www.previs.it\/fr\/"},{"@type":"ListItem","position":2,"name":"TYP CONTACTS FR"}]},{"@type":"WebSite","@id":"https:\/\/www.previs.it\/#website","url":"https:\/\/www.previs.it\/","name":"PREVIS","description":"My WordPress Blog","potentialAction":[{"@type":"SearchAction","target":{"@type":"EntryPoint","urlTemplate":"https:\/\/www.previs.it\/?s={search_term_string}"},"query-input":{"@type":"PropertyValueSpecification","valueRequired":true,"valueName":"search_term_string"}}],"inLanguage":"fr-FR"}]}},"_links":{"self":[{"href":"https:\/\/www.previs.it\/fr\/wp-json\/wp\/v2\/pages\/1232","targetHints":{"allow":["GET"]}}],"collection":[{"href":"https:\/\/www.previs.it\/fr\/wp-json\/wp\/v2\/pages"}],"about":[{"href":"https:\/\/www.previs.it\/fr\/wp-json\/wp\/v2\/types\/page"}],"author":[{"embeddable":true,"href":"https:\/\/www.previs.it\/fr\/wp-json\/wp\/v2\/users\/2"}],"replies":[{"embeddable":true,"href":"https:\/\/www.previs.it\/fr\/wp-json\/wp\/v2\/comments?post=1232"}],"version-history":[{"count":2,"href":"https:\/\/www.previs.it\/fr\/wp-json\/wp\/v2\/pages\/1232\/revisions"}],"predecessor-version":[{"id":1234,"href":"https:\/\/www.previs.it\/fr\/wp-json\/wp\/v2\/pages\/1232\/revisions\/1234"}],"wp:attachment":[{"href":"https:\/\/www.previs.it\/fr\/wp-json\/wp\/v2\/media?parent=1232"}],"curies":[{"name":"wp","href":"https:\/\/api.w.org\/{rel}","templated":true}]}}