{"id":1227,"date":"2024-11-06T10:00:31","date_gmt":"2024-11-06T09:00:31","guid":{"rendered":"https:\/\/www.previs.it\/?page_id=1227"},"modified":"2024-12-09T10:01:09","modified_gmt":"2024-12-09T09:01:09","slug":"certifications","status":"publish","type":"page","link":"https:\/\/www.previs.it\/fr\/certifications\/","title":{"rendered":"CERTIFICATIONS"},"content":{"rendered":"\n\t<section class=\"section\" id=\"section_1425646784\">\n\t\t<div class=\"section-bg fill\" >\n\t\t\t\t\t\t\t\t\t\n\t\t\t\n\n\t\t<\/div>\n\n\t\t\n\n\t\t<div class=\"section-content relative\">\n\t\t\t\n<div class=\"row align-center\"  id=\"row-1442227269\">\n\n\t<div id=\"col-1004575377\" class=\"col medium-8 small-12 large-10\"  >\n\t\t\t\t<div class=\"col-inner text-center\"  >\n\t\t\t\n\t\t\t\n\t<div id=\"text-1328399662\" class=\"text\">\n\t\t\n<h2>Certifications<\/h2>\n\t\t\n<style>\n#text-1328399662 {\n  font-size: 1.75rem;\n}\n<\/style>\n\t<\/div>\n\t\n<p>Nous nous engageons avec passion dans la recherche de solutions innovantes, garantissant un niveau de qualit\u00e9 sup\u00e9rieur, reconnu par les certifications UNI EN ISO 9001:2015 et UNI EN ISO 13485:2021. Chaque produit est fabriqu\u00e9 conform\u00e9ment au R\u00e8glement Europ\u00e9en MDR 745\/2017 et respecte toutes les r\u00e9glementations en vigueur.<\/p>\n\t\t<\/div>\n\t\t\t\t\t<\/div>\n\n\t\n<\/div>\n<div class=\"row\"  id=\"row-415933593\">\n\n\t<div id=\"col-1994044114\" class=\"col medium-4 small-12 large-4\"  >\n\t\t\t\t<div class=\"col-inner text-center\"  >\n\t\t\t\n\t\t\t\n\t<div class=\"img has-hover x md-x lg-x y md-y lg-y\" id=\"image_1597000227\">\n\t\t<a class=\"\" href=\"\/wp-content\/uploads\/2024\/11\/ICIM-13485-002814-08-PREVIS-S.R.L.pdf\" target=\"_blank\" rel=\"noopener\" >\t\t\t\t\t\t<div class=\"img-inner image-zoom dark\" >\n\t\t\t<img loading=\"lazy\" decoding=\"async\" width=\"707\" height=\"1001\" src=\"https:\/\/www.previs.it\/wp-content\/uploads\/2024\/11\/ICIM-13485-002814-08-PREVIS-SRL.webp\" class=\"attachment-original size-original\" alt=\"\" srcset=\"https:\/\/www.previs.it\/wp-content\/uploads\/2024\/11\/ICIM-13485-002814-08-PREVIS-SRL.webp 707w, https:\/\/www.previs.it\/wp-content\/uploads\/2024\/11\/ICIM-13485-002814-08-PREVIS-SRL-212x300.webp 212w\" sizes=\"auto, (max-width: 707px) 100vw, 707px\" \/>\t\t\t\t\t\t\n\t\t\t\t\t<\/div>\n\t\t\t\t\t\t<\/a>\t\t\n<style>\n#image_1597000227 {\n  width: 70%;\n}\n<\/style>\n\t<\/div>\n\t\n<div class=\"wpb_text_column wpb_content_element \">\n<div class=\"wpb_wrapper\">\n<h3>Certification\u00a013485:2021 ICIM<\/h3>\n<\/div>\n<\/div>\n<a href=\"\/wp-content\/uploads\/2024\/11\/ICIM-13485-002814-08-PREVIS-S.R.L.pdf\" target=\"_blank\" class=\"button primary\" rel=\"noopener\"  style=\"border-radius:5px;padding:5px 20px 5px 20px;\">\n\t\t<span>t\u00e9l\u00e9charger le PDF<\/span>\n\t<\/a>\n\n\t\t<\/div>\n\t\t\t\t\t<\/div>\n\n\t\n\n\t<div id=\"col-1875516103\" class=\"col medium-4 small-12 large-4\"  >\n\t\t\t\t<div class=\"col-inner text-center\"  >\n\t\t\t\n\t\t\t\n\t<div class=\"img has-hover x md-x lg-x y md-y lg-y\" id=\"image_1639250344\">\n\t\t<a class=\"\" href=\"\/wp-content\/uploads\/2024\/11\/ICIM-9001-001421-08-PREVIS-S.R.L.pdf\" target=\"_blank\" rel=\"noopener\" >\t\t\t\t\t\t<div class=\"img-inner image-zoom dark\" >\n\t\t\t<img loading=\"lazy\" decoding=\"async\" width=\"708\" height=\"1001\" src=\"https:\/\/www.previs.it\/wp-content\/uploads\/2024\/11\/ICIM-9001-001421-08-PREVIS-SRL.webp\" class=\"attachment-original size-original\" alt=\"\" srcset=\"https:\/\/www.previs.it\/wp-content\/uploads\/2024\/11\/ICIM-9001-001421-08-PREVIS-SRL.webp 708w, https:\/\/www.previs.it\/wp-content\/uploads\/2024\/11\/ICIM-9001-001421-08-PREVIS-SRL-212x300.webp 212w\" sizes=\"auto, (max-width: 708px) 100vw, 708px\" \/>\t\t\t\t\t\t\n\t\t\t\t\t<\/div>\n\t\t\t\t\t\t<\/a>\t\t\n<style>\n#image_1639250344 {\n  width: 70%;\n}\n<\/style>\n\t<\/div>\n\t\n<div class=\"wpb_text_column wpb_content_element \">\n<div class=\"wpb_wrapper\">\n<h3>Certification UNI EN ISO 9001:2015 ICIM<\/h3>\n<\/div>\n<\/div>\n<a href=\"\/wp-content\/uploads\/2024\/11\/ICIM-9001-001421-08-PREVIS-S.R.L.pdf\" target=\"_blank\" class=\"button primary\" rel=\"noopener\"  style=\"border-radius:5px;padding:5px 20px 5px 20px;\">\n\t\t<span>t\u00e9l\u00e9charger le PDF<\/span>\n\t<\/a>\n\n\t\t<\/div>\n\t\t\t\t\t<\/div>\n\n\t\n\n\t<div id=\"col-1570021365\" class=\"col medium-4 small-12 large-4\"  >\n\t\t\t\t<div class=\"col-inner text-center\"  >\n\t\t\t\n\t\t\t\n\t<div class=\"img has-hover x md-x lg-x y md-y lg-y\" id=\"image_43979711\">\n\t\t<a class=\"\" href=\"\/wp-content\/uploads\/2024\/11\/0425-MDR-030043-01-PREVIS-S.R.L.-.pdf\" target=\"_blank\" rel=\"noopener\" >\t\t\t\t\t\t<div class=\"img-inner image-zoom dark\" >\n\t\t\t<img loading=\"lazy\" decoding=\"async\" width=\"709\" height=\"1000\" src=\"https:\/\/www.previs.it\/wp-content\/uploads\/2024\/11\/0425-MDR-030043-01-PREVIS-SRL.webp\" class=\"attachment-original size-original\" alt=\"\" srcset=\"https:\/\/www.previs.it\/wp-content\/uploads\/2024\/11\/0425-MDR-030043-01-PREVIS-SRL.webp 709w, https:\/\/www.previs.it\/wp-content\/uploads\/2024\/11\/0425-MDR-030043-01-PREVIS-SRL-213x300.webp 213w\" sizes=\"auto, (max-width: 709px) 100vw, 709px\" \/>\t\t\t\t\t\t\n\t\t\t\t\t<\/div>\n\t\t\t\t\t\t<\/a>\t\t\n<style>\n#image_43979711 {\n  width: 70%;\n}\n<\/style>\n\t<\/div>\n\t\n<div class=\"wpb_text_column wpb_content_element \">\n<div class=\"wpb_wrapper\">\n<h3>Certification 0425-MDR-01<\/h3>\n<\/div>\n<\/div>\n<a href=\"\/wp-content\/uploads\/2024\/11\/previs-certificazione-9001-2015.webp\" target=\"_blank\" class=\"button primary\" rel=\"noopener\"  style=\"border-radius:5px;padding:5px 20px 5px 20px;\">\n\t\t<span>t\u00e9l\u00e9charger le PDF<\/span>\n\t<\/a>\n\n\t\t<\/div>\n\t\t\t\t\t<\/div>\n\n\t\n<\/div>\n\t\t<\/div>\n\n\t\t\n<style>\n#section_1425646784 {\n  padding-top: 40px;\n  padding-bottom: 40px;\n  background-color: rgba(232, 232, 232, 0.541);\n}\n@media (min-width:850px) {\n  #section_1425646784 {\n    padding-top: 70px;\n    padding-bottom: 70px;\n  }\n}\n<\/style>\n\t<\/section>\n\t\n","protected":false},"excerpt":{"rendered":"","protected":false},"author":2,"featured_media":0,"parent":0,"menu_order":0,"comment_status":"closed","ping_status":"closed","template":"page-blank.php","meta":{"footnotes":""},"class_list":["post-1227","page","type-page","status-publish","hentry"],"yoast_head":"<!-- This site is optimized with the Yoast SEO plugin v27.0 - https:\/\/yoast.com\/product\/yoast-seo-wordpress\/ -->\n<title>Certifications de l&#039;entreprise - PREVIS<\/title>\n<meta name=\"description\" content=\"Certifications Previs UNI EN ISO 9001:2015 et UNI EN ISO 13485:2021. Tous les produits sont conformes au R\u00e8glement Europ\u00e9en MDR 745\/2017.\" \/>\n<meta name=\"robots\" content=\"index, follow, max-snippet:-1, max-image-preview:large, max-video-preview:-1\" \/>\n<link rel=\"canonical\" href=\"https:\/\/www.previs.it\/fr\/certifications\/\" \/>\n<meta property=\"og:locale\" content=\"fr_FR\" \/>\n<meta property=\"og:type\" content=\"article\" \/>\n<meta property=\"og:title\" content=\"Certifications de l&#039;entreprise - PREVIS\" \/>\n<meta property=\"og:description\" content=\"Certifications Previs UNI EN ISO 9001:2015 et UNI EN ISO 13485:2021. Tous les produits sont conformes au R\u00e8glement Europ\u00e9en MDR 745\/2017.\" \/>\n<meta property=\"og:url\" content=\"https:\/\/www.previs.it\/fr\/certifications\/\" \/>\n<meta property=\"og:site_name\" content=\"PREVIS\" \/>\n<meta property=\"article:modified_time\" content=\"2024-12-09T09:01:09+00:00\" \/>\n<meta name=\"twitter:card\" content=\"summary_large_image\" \/>\n<meta name=\"twitter:label1\" content=\"Dur\u00e9e de lecture estim\u00e9e\" \/>\n\t<meta name=\"twitter:data1\" content=\"1 minute\" \/>\n<script type=\"application\/ld+json\" class=\"yoast-schema-graph\">{\"@context\":\"https:\/\/schema.org\",\"@graph\":[{\"@type\":\"WebPage\",\"@id\":\"https:\/\/www.previs.it\/fr\/certifications\/\",\"url\":\"https:\/\/www.previs.it\/fr\/certifications\/\",\"name\":\"Certifications de l'entreprise - PREVIS\",\"isPartOf\":{\"@id\":\"https:\/\/www.previs.it\/#website\"},\"datePublished\":\"2024-11-06T09:00:31+00:00\",\"dateModified\":\"2024-12-09T09:01:09+00:00\",\"description\":\"Certifications Previs UNI EN ISO 9001:2015 et UNI EN ISO 13485:2021. Tous les produits sont conformes au R\u00e8glement Europ\u00e9en MDR 745\/2017.\",\"breadcrumb\":{\"@id\":\"https:\/\/www.previs.it\/fr\/certifications\/#breadcrumb\"},\"inLanguage\":\"fr-FR\",\"potentialAction\":[{\"@type\":\"ReadAction\",\"target\":[\"https:\/\/www.previs.it\/fr\/certifications\/\"]}]},{\"@type\":\"BreadcrumbList\",\"@id\":\"https:\/\/www.previs.it\/fr\/certifications\/#breadcrumb\",\"itemListElement\":[{\"@type\":\"ListItem\",\"position\":1,\"name\":\"Home\",\"item\":\"https:\/\/www.previs.it\/fr\/\"},{\"@type\":\"ListItem\",\"position\":2,\"name\":\"CERTIFICATIONS\"}]},{\"@type\":\"WebSite\",\"@id\":\"https:\/\/www.previs.it\/#website\",\"url\":\"https:\/\/www.previs.it\/\",\"name\":\"PREVIS\",\"description\":\"My WordPress Blog\",\"potentialAction\":[{\"@type\":\"SearchAction\",\"target\":{\"@type\":\"EntryPoint\",\"urlTemplate\":\"https:\/\/www.previs.it\/?s={search_term_string}\"},\"query-input\":{\"@type\":\"PropertyValueSpecification\",\"valueRequired\":true,\"valueName\":\"search_term_string\"}}],\"inLanguage\":\"fr-FR\"}]}<\/script>\n<!-- \/ Yoast SEO plugin. -->","yoast_head_json":{"title":"Certifications de l'entreprise - PREVIS","description":"Certifications Previs UNI EN ISO 9001:2015 et UNI EN ISO 13485:2021. Tous les produits sont conformes au R\u00e8glement Europ\u00e9en MDR 745\/2017.","robots":{"index":"index","follow":"follow","max-snippet":"max-snippet:-1","max-image-preview":"max-image-preview:large","max-video-preview":"max-video-preview:-1"},"canonical":"https:\/\/www.previs.it\/fr\/certifications\/","og_locale":"fr_FR","og_type":"article","og_title":"Certifications de l'entreprise - PREVIS","og_description":"Certifications Previs UNI EN ISO 9001:2015 et UNI EN ISO 13485:2021. Tous les produits sont conformes au R\u00e8glement Europ\u00e9en MDR 745\/2017.","og_url":"https:\/\/www.previs.it\/fr\/certifications\/","og_site_name":"PREVIS","article_modified_time":"2024-12-09T09:01:09+00:00","twitter_card":"summary_large_image","twitter_misc":{"Dur\u00e9e de lecture estim\u00e9e":"1 minute"},"schema":{"@context":"https:\/\/schema.org","@graph":[{"@type":"WebPage","@id":"https:\/\/www.previs.it\/fr\/certifications\/","url":"https:\/\/www.previs.it\/fr\/certifications\/","name":"Certifications de l'entreprise - PREVIS","isPartOf":{"@id":"https:\/\/www.previs.it\/#website"},"datePublished":"2024-11-06T09:00:31+00:00","dateModified":"2024-12-09T09:01:09+00:00","description":"Certifications Previs UNI EN ISO 9001:2015 et UNI EN ISO 13485:2021. Tous les produits sont conformes au R\u00e8glement Europ\u00e9en MDR 745\/2017.","breadcrumb":{"@id":"https:\/\/www.previs.it\/fr\/certifications\/#breadcrumb"},"inLanguage":"fr-FR","potentialAction":[{"@type":"ReadAction","target":["https:\/\/www.previs.it\/fr\/certifications\/"]}]},{"@type":"BreadcrumbList","@id":"https:\/\/www.previs.it\/fr\/certifications\/#breadcrumb","itemListElement":[{"@type":"ListItem","position":1,"name":"Home","item":"https:\/\/www.previs.it\/fr\/"},{"@type":"ListItem","position":2,"name":"CERTIFICATIONS"}]},{"@type":"WebSite","@id":"https:\/\/www.previs.it\/#website","url":"https:\/\/www.previs.it\/","name":"PREVIS","description":"My WordPress Blog","potentialAction":[{"@type":"SearchAction","target":{"@type":"EntryPoint","urlTemplate":"https:\/\/www.previs.it\/?s={search_term_string}"},"query-input":{"@type":"PropertyValueSpecification","valueRequired":true,"valueName":"search_term_string"}}],"inLanguage":"fr-FR"}]}},"_links":{"self":[{"href":"https:\/\/www.previs.it\/fr\/wp-json\/wp\/v2\/pages\/1227","targetHints":{"allow":["GET"]}}],"collection":[{"href":"https:\/\/www.previs.it\/fr\/wp-json\/wp\/v2\/pages"}],"about":[{"href":"https:\/\/www.previs.it\/fr\/wp-json\/wp\/v2\/types\/page"}],"author":[{"embeddable":true,"href":"https:\/\/www.previs.it\/fr\/wp-json\/wp\/v2\/users\/2"}],"replies":[{"embeddable":true,"href":"https:\/\/www.previs.it\/fr\/wp-json\/wp\/v2\/comments?post=1227"}],"version-history":[{"count":1,"href":"https:\/\/www.previs.it\/fr\/wp-json\/wp\/v2\/pages\/1227\/revisions"}],"predecessor-version":[{"id":1228,"href":"https:\/\/www.previs.it\/fr\/wp-json\/wp\/v2\/pages\/1227\/revisions\/1228"}],"wp:attachment":[{"href":"https:\/\/www.previs.it\/fr\/wp-json\/wp\/v2\/media?parent=1227"}],"curies":[{"name":"wp","href":"https:\/\/api.w.org\/{rel}","templated":true}]}}