{"id":1225,"date":"2024-11-21T09:16:24","date_gmt":"2024-11-21T08:16:24","guid":{"rendered":"https:\/\/www.previs.it\/?page_id=1225"},"modified":"2025-03-24T06:33:53","modified_gmt":"2025-03-24T05:33:53","slug":"catalogue","status":"publish","type":"page","link":"https:\/\/www.previs.it\/fr\/catalogue\/","title":{"rendered":"Catalogue"},"content":{"rendered":"\n\t<section class=\"section\" id=\"section_43740885\">\n\t\t<div class=\"section-bg fill\" >\n\t\t\t\t\t\t\t\t\t\n\t\t\t\n\n\t\t<\/div>\n\n\t\t\n\n\t\t<div class=\"section-content relative\">\n\t\t\t\n\t<div id=\"gap-2034267905\" class=\"gap-element clearfix\" style=\"display:block; height:auto;\">\n\t\t\n<style>\n#gap-2034267905 {\n  padding-top: 30px;\n}\n<\/style>\n\t<\/div>\n\t\n<div class=\"row align-middle\"  id=\"row-862260574\">\n\n\t<div id=\"col-1709259706\" class=\"col medium-12 small-12 large-7\"  >\n\t\t\t\t<div class=\"col-inner\"  >\n\t\t\t\n\t\t\t\n\t<div class=\"img has-hover x md-x lg-x y md-y lg-y\" id=\"image_1499490392\">\n\t\t<a class=\"\" href=\"\/wp-content\/uploads\/2024\/11\/Previs_Catalogo_2024-1.pdf\" target=\"_blank\" rel=\"noopener\" >\t\t\t\t\t\t<div class=\"img-inner image-zoom dark\" >\n\t\t\t<img loading=\"lazy\" decoding=\"async\" width=\"2000\" height=\"1333\" src=\"https:\/\/www.previs.it\/wp-content\/uploads\/2025\/03\/previs-catalogo-mockup.webp\" class=\"attachment-original size-original\" alt=\"\" srcset=\"https:\/\/www.previs.it\/wp-content\/uploads\/2025\/03\/previs-catalogo-mockup.webp 2000w, https:\/\/www.previs.it\/wp-content\/uploads\/2025\/03\/previs-catalogo-mockup-300x200.webp 300w, https:\/\/www.previs.it\/wp-content\/uploads\/2025\/03\/previs-catalogo-mockup-1024x682.webp 1024w, https:\/\/www.previs.it\/wp-content\/uploads\/2025\/03\/previs-catalogo-mockup-768x512.webp 768w, https:\/\/www.previs.it\/wp-content\/uploads\/2025\/03\/previs-catalogo-mockup-1536x1024.webp 1536w\" sizes=\"auto, (max-width: 2000px) 100vw, 2000px\" \/>\t\t\t\t\t\t\n\t\t\t\t\t<\/div>\n\t\t\t\t\t\t<\/a>\t\t\n<style>\n#image_1499490392 {\n  width: 100%;\n}\n<\/style>\n\t<\/div>\n\t\n\t\t<\/div>\n\t\t\t\t\t<\/div>\n\n\t\n\n\t<div id=\"col-578418699\" class=\"col medium-12 small-12 large-5\"  >\n\t\t\t\t<div class=\"col-inner\"  >\n\t\t\t\n\t\t\t\n\t<div id=\"gap-959894360\" class=\"gap-element clearfix\" style=\"display:block; height:auto;\">\n\t\t\n<style>\n#gap-959894360 {\n  padding-top: 10px;\n}\n@media (min-width:850px) {\n  #gap-959894360 {\n    padding-top: 30px;\n  }\n}\n<\/style>\n\t<\/div>\n\t\n\t<div id=\"text-3702518817\" class=\"text\">\n\t\t\n<h2>T\u00e9l\u00e9chargez le catalogue complet en PDF<\/h2>\n\t\t\n<style>\n#text-3702518817 {\n  font-size: 1.5rem;\n}\n<\/style>\n\t<\/div>\n\t\n<p>Previs Srl est sp\u00e9cialis\u00e9e dans la fabrication de bandages \u00e0 l\u2019oxyde de zinc, de bandages ourl\u00e9s en gaze de coton, de bandages \u00e9lastiques l\u00e9gers, de bandages compressifs, de bandages impr\u00e9gn\u00e9s de p\u00e2tes et de bandages coh\u00e9sifs.<\/p>\n<p>Cliquez sur le bouton pour lancer le t\u00e9l\u00e9chargement du PDF actualis\u00e9 avec toutes les sp\u00e9cifications de nos produits.<\/p>\n<a href=\"\/wp-content\/uploads\/2025\/03\/Previs_Catalogo-2025-web.pdf\" target=\"_blank\" class=\"button primary\" rel=\"noopener\"  style=\"border-radius:10px;padding:5px 10px 5px 10px;\">\n\t\t<span>t\u00e9l\u00e9chargez le catalogue<\/span>\n\t<\/a>\n\n\t\t<\/div>\n\t\t\t\t\n<style>\n#col-578418699 > .col-inner {\n  padding: 0px 0px 0px 0;\n}\n@media (min-width:850px) {\n  #col-578418699 > .col-inner {\n    padding: 0px 0px 0px 10%;\n  }\n}\n<\/style>\n\t<\/div>\n\n\t\n<\/div>\n\t\t<\/div>\n\n\t\t\n<style>\n#section_43740885 {\n  padding-top: 40px;\n  padding-bottom: 40px;\n}\n@media (min-width:850px) {\n  #section_43740885 {\n    padding-top: 70px;\n    padding-bottom: 70px;\n  }\n}\n<\/style>\n\t<\/section>\n\t\n","protected":false},"excerpt":{"rendered":"","protected":false},"author":2,"featured_media":0,"parent":0,"menu_order":0,"comment_status":"closed","ping_status":"closed","template":"page-blank.php","meta":{"footnotes":""},"class_list":["post-1225","page","type-page","status-publish","hentry"],"yoast_head":"<!-- This site is optimized with the Yoast SEO plugin v27.0 - https:\/\/yoast.com\/product\/yoast-seo-wordpress\/ -->\n<title>Catalogue des bandages produits par Previs - PREVIS<\/title>\n<meta name=\"description\" content=\"T\u00e9l\u00e9chargez le catalogue actualis\u00e9 des bandages fabriqu\u00e9s et distribu\u00e9s par Previs Srl. D\u00e9couvrez leurs multiples utilisations et les diff\u00e9rents types de bandages disponibles.\" \/>\n<meta name=\"robots\" content=\"index, follow, max-snippet:-1, max-image-preview:large, max-video-preview:-1\" \/>\n<link rel=\"canonical\" href=\"https:\/\/www.previs.it\/fr\/catalogue\/\" \/>\n<meta property=\"og:locale\" content=\"fr_FR\" \/>\n<meta property=\"og:type\" content=\"article\" \/>\n<meta property=\"og:title\" content=\"Catalogue des bandages produits par Previs - PREVIS\" \/>\n<meta property=\"og:description\" content=\"T\u00e9l\u00e9chargez le catalogue actualis\u00e9 des bandages fabriqu\u00e9s et distribu\u00e9s par Previs Srl. D\u00e9couvrez leurs multiples utilisations et les diff\u00e9rents types de bandages disponibles.\" \/>\n<meta property=\"og:url\" content=\"https:\/\/www.previs.it\/fr\/catalogue\/\" \/>\n<meta property=\"og:site_name\" content=\"PREVIS\" \/>\n<meta property=\"article:modified_time\" content=\"2025-03-24T05:33:53+00:00\" \/>\n<meta name=\"twitter:card\" content=\"summary_large_image\" \/>\n<meta name=\"twitter:label1\" content=\"Dur\u00e9e de lecture estim\u00e9e\" \/>\n\t<meta name=\"twitter:data1\" content=\"1 minute\" \/>\n<script type=\"application\/ld+json\" class=\"yoast-schema-graph\">{\"@context\":\"https:\/\/schema.org\",\"@graph\":[{\"@type\":\"WebPage\",\"@id\":\"https:\/\/www.previs.it\/fr\/catalogue\/\",\"url\":\"https:\/\/www.previs.it\/fr\/catalogue\/\",\"name\":\"Catalogue des bandages produits par Previs - PREVIS\",\"isPartOf\":{\"@id\":\"https:\/\/www.previs.it\/#website\"},\"datePublished\":\"2024-11-21T08:16:24+00:00\",\"dateModified\":\"2025-03-24T05:33:53+00:00\",\"description\":\"T\u00e9l\u00e9chargez le catalogue actualis\u00e9 des bandages fabriqu\u00e9s et distribu\u00e9s par Previs Srl. D\u00e9couvrez leurs multiples utilisations et les diff\u00e9rents types de bandages disponibles.\",\"breadcrumb\":{\"@id\":\"https:\/\/www.previs.it\/fr\/catalogue\/#breadcrumb\"},\"inLanguage\":\"fr-FR\",\"potentialAction\":[{\"@type\":\"ReadAction\",\"target\":[\"https:\/\/www.previs.it\/fr\/catalogue\/\"]}]},{\"@type\":\"BreadcrumbList\",\"@id\":\"https:\/\/www.previs.it\/fr\/catalogue\/#breadcrumb\",\"itemListElement\":[{\"@type\":\"ListItem\",\"position\":1,\"name\":\"Home\",\"item\":\"https:\/\/www.previs.it\/fr\/\"},{\"@type\":\"ListItem\",\"position\":2,\"name\":\"Catalogue\"}]},{\"@type\":\"WebSite\",\"@id\":\"https:\/\/www.previs.it\/#website\",\"url\":\"https:\/\/www.previs.it\/\",\"name\":\"PREVIS\",\"description\":\"My WordPress Blog\",\"potentialAction\":[{\"@type\":\"SearchAction\",\"target\":{\"@type\":\"EntryPoint\",\"urlTemplate\":\"https:\/\/www.previs.it\/?s={search_term_string}\"},\"query-input\":{\"@type\":\"PropertyValueSpecification\",\"valueRequired\":true,\"valueName\":\"search_term_string\"}}],\"inLanguage\":\"fr-FR\"}]}<\/script>\n<!-- \/ Yoast SEO plugin. -->","yoast_head_json":{"title":"Catalogue des bandages produits par Previs - PREVIS","description":"T\u00e9l\u00e9chargez le catalogue actualis\u00e9 des bandages fabriqu\u00e9s et distribu\u00e9s par Previs Srl. D\u00e9couvrez leurs multiples utilisations et les diff\u00e9rents types de bandages disponibles.","robots":{"index":"index","follow":"follow","max-snippet":"max-snippet:-1","max-image-preview":"max-image-preview:large","max-video-preview":"max-video-preview:-1"},"canonical":"https:\/\/www.previs.it\/fr\/catalogue\/","og_locale":"fr_FR","og_type":"article","og_title":"Catalogue des bandages produits par Previs - PREVIS","og_description":"T\u00e9l\u00e9chargez le catalogue actualis\u00e9 des bandages fabriqu\u00e9s et distribu\u00e9s par Previs Srl. D\u00e9couvrez leurs multiples utilisations et les diff\u00e9rents types de bandages disponibles.","og_url":"https:\/\/www.previs.it\/fr\/catalogue\/","og_site_name":"PREVIS","article_modified_time":"2025-03-24T05:33:53+00:00","twitter_card":"summary_large_image","twitter_misc":{"Dur\u00e9e de lecture estim\u00e9e":"1 minute"},"schema":{"@context":"https:\/\/schema.org","@graph":[{"@type":"WebPage","@id":"https:\/\/www.previs.it\/fr\/catalogue\/","url":"https:\/\/www.previs.it\/fr\/catalogue\/","name":"Catalogue des bandages produits par Previs - PREVIS","isPartOf":{"@id":"https:\/\/www.previs.it\/#website"},"datePublished":"2024-11-21T08:16:24+00:00","dateModified":"2025-03-24T05:33:53+00:00","description":"T\u00e9l\u00e9chargez le catalogue actualis\u00e9 des bandages fabriqu\u00e9s et distribu\u00e9s par Previs Srl. D\u00e9couvrez leurs multiples utilisations et les diff\u00e9rents types de bandages disponibles.","breadcrumb":{"@id":"https:\/\/www.previs.it\/fr\/catalogue\/#breadcrumb"},"inLanguage":"fr-FR","potentialAction":[{"@type":"ReadAction","target":["https:\/\/www.previs.it\/fr\/catalogue\/"]}]},{"@type":"BreadcrumbList","@id":"https:\/\/www.previs.it\/fr\/catalogue\/#breadcrumb","itemListElement":[{"@type":"ListItem","position":1,"name":"Home","item":"https:\/\/www.previs.it\/fr\/"},{"@type":"ListItem","position":2,"name":"Catalogue"}]},{"@type":"WebSite","@id":"https:\/\/www.previs.it\/#website","url":"https:\/\/www.previs.it\/","name":"PREVIS","description":"My WordPress Blog","potentialAction":[{"@type":"SearchAction","target":{"@type":"EntryPoint","urlTemplate":"https:\/\/www.previs.it\/?s={search_term_string}"},"query-input":{"@type":"PropertyValueSpecification","valueRequired":true,"valueName":"search_term_string"}}],"inLanguage":"fr-FR"}]}},"_links":{"self":[{"href":"https:\/\/www.previs.it\/fr\/wp-json\/wp\/v2\/pages\/1225","targetHints":{"allow":["GET"]}}],"collection":[{"href":"https:\/\/www.previs.it\/fr\/wp-json\/wp\/v2\/pages"}],"about":[{"href":"https:\/\/www.previs.it\/fr\/wp-json\/wp\/v2\/types\/page"}],"author":[{"embeddable":true,"href":"https:\/\/www.previs.it\/fr\/wp-json\/wp\/v2\/users\/2"}],"replies":[{"embeddable":true,"href":"https:\/\/www.previs.it\/fr\/wp-json\/wp\/v2\/comments?post=1225"}],"version-history":[{"count":2,"href":"https:\/\/www.previs.it\/fr\/wp-json\/wp\/v2\/pages\/1225\/revisions"}],"predecessor-version":[{"id":1380,"href":"https:\/\/www.previs.it\/fr\/wp-json\/wp\/v2\/pages\/1225\/revisions\/1380"}],"wp:attachment":[{"href":"https:\/\/www.previs.it\/fr\/wp-json\/wp\/v2\/media?parent=1225"}],"curies":[{"name":"wp","href":"https:\/\/api.w.org\/{rel}","templated":true}]}}